{"id":2867,"date":"2021-07-19T02:18:32","date_gmt":"2021-07-19T02:18:32","guid":{"rendered":"http:\/\/www.toptechnics.com\/ueber-uns\/"},"modified":"2025-01-29T04:26:44","modified_gmt":"2025-01-29T04:26:44","slug":"ueber-uns","status":"publish","type":"page","link":"https:\/\/toptechnics.net\/de\/ueber-uns\/","title":{"rendered":"\u00dcber uns"},"content":{"rendered":"\t\t<div data-elementor-type=\"wp-page\" data-elementor-id=\"2867\" class=\"elementor elementor-2867 elementor-134\" data-elementor-post-type=\"page\">\n\t\t\t\t\t\t<section class=\"elementor-section elementor-top-section elementor-element elementor-element-3d83909 elementor-section-boxed elementor-section-height-default elementor-section-height-default\" data-id=\"3d83909\" data-element_type=\"section\" data-e-type=\"section\">\r\n\t\t\t\t\t\t<div class=\"elementor-container elementor-column-gap-thegem\"><div class=\"elementor-row\">\r\n\t\t\t\t\t<div class=\"elementor-column elementor-col-100 elementor-top-column elementor-element elementor-element-663b535\" data-id=\"663b535\" data-element_type=\"column\" data-e-type=\"column\">\n\t\t\t<div class=\"elementor-widget-wrap elementor-element-populated\">\n\t\t\t\t\t\t<div class=\"elementor-element elementor-element-66b3eaa flex-horizontal-align-default flex-horizontal-align-tablet-default flex-horizontal-align-mobile-default flex-vertical-align-default flex-vertical-align-tablet-default flex-vertical-align-mobile-default elementor-widget elementor-widget-spacer\" data-id=\"66b3eaa\" data-element_type=\"widget\" data-e-type=\"widget\" data-widget_type=\"spacer.default\">\n\t\t\t\t<div class=\"elementor-widget-container\">\n\t\t\t\t\t\t\t<div class=\"elementor-spacer\">\n\t\t\t<div class=\"elementor-spacer-inner\"><\/div>\n\t\t<\/div>\n\t\t\t\t\t\t<\/div>\n\t\t\t\t<\/div>\n\t\t\t\t\t<\/div>\n\t\t<\/div>\n\t\t\t\t\t<\/div><\/div>\r\n\t\t<\/section>\r\n\t\t\t\t<section class=\"elementor-section elementor-top-section elementor-element elementor-element-0b67b10 elementor-section-boxed elementor-section-height-default elementor-section-height-default\" data-id=\"0b67b10\" data-element_type=\"section\" data-e-type=\"section\">\r\n\t\t\t\t\t\t<div class=\"elementor-container elementor-column-gap-thegem\"><div class=\"elementor-row\">\r\n\t\t\t\t\t<div class=\"elementor-column elementor-col-100 elementor-top-column elementor-element elementor-element-08c7919\" data-id=\"08c7919\" data-element_type=\"column\" data-e-type=\"column\">\n\t\t\t<div class=\"elementor-widget-wrap elementor-element-populated\">\n\t\t\t\t\t\t<div class=\"elementor-element elementor-element-6904f4b flex-horizontal-align-default flex-horizontal-align-tablet-default flex-horizontal-align-mobile-default flex-vertical-align-default flex-vertical-align-tablet-default flex-vertical-align-mobile-default elementor-widget elementor-widget-heading\" data-id=\"6904f4b\" data-element_type=\"widget\" data-e-type=\"widget\" data-widget_type=\"heading.default\">\n\t\t\t\t<div class=\"elementor-widget-container\">\n\t\t\t\t\t<h2 class=\"elementor-heading-title elementor-size-default\">\u00dcber Wissensgewinn, Originalit\u00e4t und Kopieren<\/h2>\t\t\t\t<\/div>\n\t\t\t\t<\/div>\n\t\t\t\t<div class=\"elementor-element elementor-element-2735004 flex-horizontal-align-default flex-horizontal-align-tablet-default flex-horizontal-align-mobile-default flex-vertical-align-default flex-vertical-align-tablet-default flex-vertical-align-mobile-default elementor-widget elementor-widget-text-editor\" data-id=\"2735004\" data-element_type=\"widget\" data-e-type=\"widget\" data-widget_type=\"text-editor.default\">\n\t\t\t\t<div class=\"elementor-widget-container\">\n\t\t\t\t\t\t\t\t\t\t\t\t<div class=\"elementor-text-editor elementor-clearfix\">\r\n\t\t\t\t\t\t<p>Das Wissen und K\u00f6nnen \u2013 oder Know-how \u2013 eines Unternehmens kann den aktuellen Bed\u00fcrfnissen des Umfelds, n\u00e4mlich des Marktes und der Kunden, gerecht werden. Ein Unternehmen kann jedoch die Kontinuit\u00e4t seines Wettbewerbsvorteils auf dem Markt nicht sicherstellen, indem es sein gesammeltes Wissen unter Verschluss h\u00e4lt.&nbsp; Denn, wie Norbert Wiener, der als Vater der Kybernetik gilt, 1954 sagte [1]: &#8222;Information ist mehr ein Prozess als ein Speicher.&#8220; Das Geheimnis, wirtschaftlich oder kommerziell zu \u00fcberleben,&nbsp; liegt in der kontinuierlichen Erneuerung und Verbesserung vorhandener Kenntnisse, F\u00e4higkeiten und Fertigkeiten parallel zu sich \u00e4ndernden Markt- und Kundenbedingungen.<\/p><p>Als Unternehmen k\u00f6nnen Sie die Informationen \u00fcber das Produkt oder die Dienstleistung, die Sie entwickelt haben, nicht bis zum Schluss geheim halten. Selbst wenn Sie Ihre Mitarbeiter dazu bringen, Geheimhaltungsvereinbarungen zu unterzeichnen oder internationale Patente f\u00fcr Know-how zu erhalten, wird Ihr Wissenserbe schlie\u00dflich in die H\u00e4nde Ihrer aktuellen oder potenziellen Konkurrenten fallen. Es ist bekannt, dass viele aufstrebende Unternehmer in der T\u00fcrkei ihr Gesch\u00e4ft mit dem Kopieren von Produkten beginnen, die mit gro\u00dfem Aufwand von anderen Unternehmen entwickelt wurden, und indem sie technische und kommerzielle Informationen erwerben, die diesen Organisationen geh\u00f6ren.<br><\/p>\n<p>Der Gr\u00fcnder von <strong>Toptechnics<\/strong> erhielt keine Unterst\u00fctzung von jemandem, der mit dem T\u00e4tigkeitsbereich des Unternehmens in Verbindung stand, und begann sein Gesch\u00e4ft nicht durch das Kopieren von Produkten der Unternehmen, f\u00fcr die er zuvor t\u00e4tig war. <strong>Toptechnics<\/strong> hat niemals die technischen und kommerziellen Geheimnisse irgendwelcher konkurrierender Unternehmen f\u00fcr die von ihm entworfenen und produzierten Produkte und L\u00f6sungen genutzt. verwendet. Im Gegenteil, <strong>toptechnics<\/strong> ist das erste Unternehmen auf dem t\u00fcrkischen Markt, das originelle L\u00f6sungen einf\u00fchrt, die Qualit\u00e4ts- und Energieverluste in bestimmten Fertigungsphasen minimieren, insbesondere in der Automobil- und Haushaltsger\u00e4teindustrie. Die F\u00fchrungsposition von <strong>Toptechnics<\/strong> ist auf die Ingenieurausbildung des Gr\u00fcnders, seine Fremdsprachenkenntnisse, seine Berufserfahrung aus der Arbeit in einheimischen und ausl\u00e4ndischen Unternehmen und sein Gesp\u00fcr f\u00fcr Lean Production zur\u00fcckzuf\u00fchren.<\/p>\n<p>Wenn man eine kreative Essenz hat und glaubt, dass Wissen nur w\u00e4chst, wenn es geteilt und verbessert wird, dann braucht man sich keine Sorgen \u00fcber die Verbreitung von Nachahmern und Kopierern zu machen. Das hat <strong>Toptechnics<\/strong> in der Vergangenheit schon oft erlebt. Seit 2016 haben einige der <strong>\u201ctoptechnics&#8220;<\/strong> Mitarbeiter und Zulieferer in den Wettbewerb getreten sind, indem sie technische und kommerzielle Informationen, die sie von unserem Unternehmen erhalten haben, verwendet haben, um die Produkte zu imitieren, die von uns auf den Markt gebracht wurden.<strong><\/strong> Was noch interessanter ist, dass der kleine Partner von toptechnics w\u00e4hrend er seine Partnerschaft im Unternehmen fortsetzte, heimlich ein eigenes Unternehmen f\u00fcr sich gr\u00fcndete und zu einem Konkurrenten wurde, indem er die Arbeitskraft, <strong>Energie<\/strong> und <strong>materiellen<\/strong> Verm\u00f6genswerte von toptechnics nutzte. &nbsp;<\/p>\n<p>Ich m\u00f6chte die ehrenvolle Vergangenheit und die Besonderheiten unseres Unternehmens vorstellen und es den Lesern \u00fcberlassen, zu entscheiden, ob die von ihnen gew\u00e4hlten Wettbewerbsmethoden ethisch oder legal sind, f\u00fcr diejenigen, die einen Anteil an dem Nischenmarkt erobern m\u00f6chten, in dem <strong>toptechnics<\/strong> in der T\u00fcrkei geschaffen hat.&nbsp;<\/p>\n<p><a href=\"#_ftnref1\">[1]<\/a> Wiener, N. Kybernetik und Gesellschaft, S. 10. 121)<\/p>\t\t\t\t\t\t\t<\/div>\r\n\t\t\t\t\t\t\t\t\t\t<\/div>\n\t\t\t\t<\/div>\n\t\t\t\t\t<\/div>\n\t\t<\/div>\n\t\t\t\t\t<\/div><\/div>\r\n\t\t<\/section>\r\n\t\t\t\t<section class=\"elementor-section elementor-top-section elementor-element elementor-element-c747424 elementor-section-boxed elementor-section-height-default elementor-section-height-default\" data-id=\"c747424\" data-element_type=\"section\" data-e-type=\"section\">\r\n\t\t\t\t\t\t<div class=\"elementor-container elementor-column-gap-thegem\"><div class=\"elementor-row\">\r\n\t\t\t\t\t<div class=\"elementor-column elementor-col-100 elementor-top-column elementor-element elementor-element-f2bceeb\" data-id=\"f2bceeb\" data-element_type=\"column\" data-e-type=\"column\">\n\t\t\t<div class=\"elementor-widget-wrap elementor-element-populated\">\n\t\t\t\t\t\t<div class=\"elementor-element elementor-element-7db542c flex-horizontal-align-default flex-horizontal-align-tablet-default flex-horizontal-align-mobile-default flex-vertical-align-default flex-vertical-align-tablet-default flex-vertical-align-mobile-default elementor-widget elementor-widget-heading\" data-id=\"7db542c\" data-element_type=\"widget\" data-e-type=\"widget\" data-widget_type=\"heading.default\">\n\t\t\t\t<div class=\"elementor-widget-container\">\n\t\t\t\t\t<h2 class=\"elementor-heading-title elementor-size-default\">Geschichte<\/h2>\t\t\t\t<\/div>\n\t\t\t\t<\/div>\n\t\t\t\t\t<\/div>\n\t\t<\/div>\n\t\t\t\t\t<\/div><\/div>\r\n\t\t<\/section>\r\n\t\t\t\t<section class=\"elementor-section elementor-top-section elementor-element elementor-element-bbf40e7 elementor-section-boxed elementor-section-height-default elementor-section-height-default\" data-id=\"bbf40e7\" data-element_type=\"section\" data-e-type=\"section\">\r\n\t\t\t\t\t\t<div class=\"elementor-container elementor-column-gap-thegem\"><div class=\"elementor-row\">\r\n\t\t\t\t\t<div class=\"elementor-column elementor-col-100 elementor-top-column elementor-element elementor-element-fc7cf56\" data-id=\"fc7cf56\" data-element_type=\"column\" data-e-type=\"column\">\n\t\t\t<div class=\"elementor-widget-wrap elementor-element-populated\">\n\t\t\t\t\t\t<div class=\"elementor-element elementor-element-a53a85c flex-horizontal-align-default flex-horizontal-align-tablet-default flex-horizontal-align-mobile-default flex-vertical-align-default flex-vertical-align-tablet-default flex-vertical-align-mobile-default elementor-widget elementor-widget-text-editor\" data-id=\"a53a85c\" data-element_type=\"widget\" data-e-type=\"widget\" data-widget_type=\"text-editor.default\">\n\t\t\t\t<div class=\"elementor-widget-container\">\n\t\t\t\t\t\t\t\t\t\t\t\t<div class=\"elementor-text-editor elementor-clearfix\">\r\n\t\t\t\t\t\t<p>In unserer 16-j\u00e4hrigen Geschichte werden wir Ihnen weiterhin kreative Dienstleistungen und Produkte anbieten, die in der Branche einen Unterschied machen, was wir durch die Arbeit mit Fokus auf kontinuierliche Entwicklung und die Herstellung origineller L\u00f6sungen realisiert haben.<\/p>\n<p><\/p>\n\t\t\t\t\t\t\t<\/div>\r\n\t\t\t\t\t\t\t\t\t\t<\/div>\n\t\t\t\t<\/div>\n\t\t\t\t\t<\/div>\n\t\t<\/div>\n\t\t\t\t\t<\/div><\/div>\r\n\t\t<\/section>\r\n\t\t\t\t<section class=\"elementor-section elementor-top-section elementor-element elementor-element-4a4ded6 elementor-section-boxed elementor-section-height-default elementor-section-height-default\" data-id=\"4a4ded6\" data-element_type=\"section\" data-e-type=\"section\">\r\n\t\t\t\t\t\t<div class=\"elementor-container elementor-column-gap-thegem\"><div class=\"elementor-row\">\r\n\t\t\t\t\t<div class=\"elementor-column elementor-col-100 elementor-top-column elementor-element elementor-element-b82ad63\" data-id=\"b82ad63\" data-element_type=\"column\" data-e-type=\"column\">\n\t\t\t<div class=\"elementor-widget-wrap elementor-element-populated\">\n\t\t\t\t\t\t<div class=\"elementor-element elementor-element-1551e9c flex-horizontal-align-default flex-horizontal-align-tablet-default flex-horizontal-align-mobile-default flex-vertical-align-default flex-vertical-align-tablet-default flex-vertical-align-mobile-default elementor-widget elementor-widget-heading\" data-id=\"1551e9c\" data-element_type=\"widget\" data-e-type=\"widget\" data-widget_type=\"heading.default\">\n\t\t\t\t<div class=\"elementor-widget-container\">\n\t\t\t\t\t<h2 class=\"elementor-heading-title elementor-size-default\">Management<\/h2>\t\t\t\t<\/div>\n\t\t\t\t<\/div>\n\t\t\t\t\t<\/div>\n\t\t<\/div>\n\t\t\t\t\t<\/div><\/div>\r\n\t\t<\/section>\r\n\t\t\t\t<\/div>\n\t\t","protected":false},"excerpt":{"rendered":"<p>\u00dcber Wissensgewinn, Originalit\u00e4t und Kopieren Das Wissen und K\u00f6nnen \u2013 oder Know-how \u2013 eines Unternehmens kann den aktuellen Bed\u00fcrfnissen des&#8230;<\/p>\n","protected":false},"author":2,"featured_media":0,"parent":0,"menu_order":0,"comment_status":"closed","ping_status":"closed","template":"page-fullwidth.php","meta":{"footnotes":""},"class_list":["post-2867","page","type-page","status-publish"],"jetpack_sharing_enabled":true,"_links":{"self":[{"href":"https:\/\/toptechnics.net\/de\/wp-json\/wp\/v2\/pages\/2867","targetHints":{"allow":["GET"]}}],"collection":[{"href":"https:\/\/toptechnics.net\/de\/wp-json\/wp\/v2\/pages"}],"about":[{"href":"https:\/\/toptechnics.net\/de\/wp-json\/wp\/v2\/types\/page"}],"author":[{"embeddable":true,"href":"https:\/\/toptechnics.net\/de\/wp-json\/wp\/v2\/users\/2"}],"replies":[{"embeddable":true,"href":"https:\/\/toptechnics.net\/de\/wp-json\/wp\/v2\/comments?post=2867"}],"version-history":[{"count":1,"href":"https:\/\/toptechnics.net\/de\/wp-json\/wp\/v2\/pages\/2867\/revisions"}],"predecessor-version":[{"id":16650,"href":"https:\/\/toptechnics.net\/de\/wp-json\/wp\/v2\/pages\/2867\/revisions\/16650"}],"wp:attachment":[{"href":"https:\/\/toptechnics.net\/de\/wp-json\/wp\/v2\/media?parent=2867"}],"curies":[{"name":"wp","href":"https:\/\/api.w.org\/{rel}","templated":true}]}}