{"id":17049,"date":"2024-04-29T16:23:50","date_gmt":"2024-04-29T16:23:50","guid":{"rendered":"https:\/\/toptechnics.net\/product\/demontageschluessel-fuer-die-kappe\/"},"modified":"2025-03-13T00:58:03","modified_gmt":"2025-03-13T00:58:03","slug":"demontageschluessel-fuer-die-kappe","status":"publish","type":"product","link":"https:\/\/toptechnics.net\/de\/urunler\/demontageschluessel-fuer-die-kappe\/","title":{"rendered":"Demontageschl\u00fcssel f\u00fcr die Kappe"},"content":{"rendered":"","protected":false},"excerpt":{"rendered":"<p>Geeignet f\u00fcr die Demontage und Montage von Kappen und Elektrodenhaltern von \u00d8 10 bis \u00d8 22 mm.<\/p>\n","protected":false},"featured_media":15082,"comment_status":"open","ping_status":"closed","template":"","meta":[],"product_brand":[],"product_cat":[437,436],"product_tag":[],"class_list":{"0":"post-17049","1":"product","2":"type-product","3":"status-publish","4":"has-post-thumbnail","6":"product_cat-konsummaterialien-fuer-das-widerstandsschweissen","7":"product_cat-zubehoer","9":"first","10":"instock","11":"shipping-taxable","12":"product-type-simple"},"jetpack_sharing_enabled":true,"_links":{"self":[{"href":"https:\/\/toptechnics.net\/de\/wp-json\/wp\/v2\/product\/17049","targetHints":{"allow":["GET"]}}],"collection":[{"href":"https:\/\/toptechnics.net\/de\/wp-json\/wp\/v2\/product"}],"about":[{"href":"https:\/\/toptechnics.net\/de\/wp-json\/wp\/v2\/types\/product"}],"replies":[{"embeddable":true,"href":"https:\/\/toptechnics.net\/de\/wp-json\/wp\/v2\/comments?post=17049"}],"version-history":[{"count":1,"href":"https:\/\/toptechnics.net\/de\/wp-json\/wp\/v2\/product\/17049\/revisions"}],"predecessor-version":[{"id":17081,"href":"https:\/\/toptechnics.net\/de\/wp-json\/wp\/v2\/product\/17049\/revisions\/17081"}],"wp:featuredmedia":[{"embeddable":true,"href":"https:\/\/toptechnics.net\/de\/wp-json\/wp\/v2\/media\/15082"}],"wp:attachment":[{"href":"https:\/\/toptechnics.net\/de\/wp-json\/wp\/v2\/media?parent=17049"}],"wp:term":[{"taxonomy":"product_brand","embeddable":true,"href":"https:\/\/toptechnics.net\/de\/wp-json\/wp\/v2\/product_brand?post=17049"},{"taxonomy":"product_cat","embeddable":true,"href":"https:\/\/toptechnics.net\/de\/wp-json\/wp\/v2\/product_cat?post=17049"},{"taxonomy":"product_tag","embeddable":true,"href":"https:\/\/toptechnics.net\/de\/wp-json\/wp\/v2\/product_tag?post=17049"}],"curies":[{"name":"wp","href":"https:\/\/api.w.org\/{rel}","templated":true}]}}