{"id":17059,"date":"2024-04-30T02:27:19","date_gmt":"2024-04-30T02:27:19","guid":{"rendered":"https:\/\/toptechnics.net\/product\/emsodur-typ-v-acryl\/"},"modified":"2025-03-13T00:51:42","modified_gmt":"2025-03-13T00:51:42","slug":"emsodur-typ-v-acryl","status":"publish","type":"product","link":"https:\/\/toptechnics.net\/de\/urunler\/emsodur-typ-v-acryl\/","title":{"rendered":"Emsodur Typ V Acryl"},"content":{"rendered":"<figure>\n<div>Es eignet sich am besten f\u00fcr empfindliche Beschichtungsoberfl\u00e4chen und \u00e4hnliche Anwendungen Es eignet sich perfekt zum Entfernen von Pulverbeschichtungen auf Flugzeugteilen, Aluminiummaterialoberfl\u00e4chen, feinem Fiberglas und feinen Pr\u00e4zisionsmetallplatten.<\/div>\n<div>Barcol ist mit einer H\u00e4rte von 46-54 (3,2-3,5 MOH) weich und eignet sich am besten f\u00fcr empfindliche Oberfl\u00e4chen<\/div>\n<div><\/div>\n<div><b>Standard-Siebgr\u00f6\u00dfen :<\/b><\/div>\n<div>8\/16, 8\/20, 10\/20, 16\/20, 20\/30, 30\/40, 60\/80, 80\/120.Alle Typen sind Mil-P-858991A zugelassen.<\/div>\n<\/figure>\n","protected":false},"excerpt":{"rendered":"<div>Es eignet sich am besten f\u00fcr empfindliche Beschichtungsoberfl\u00e4chen und \u00e4hnliche Anwendungen Es eignet sich perfekt zum Entfernen von Pulverbeschichtungen auf Flugzeugteilen, Aluminiummaterialoberfl\u00e4chen, feinem Fiberglas und feinen Pr\u00e4zisionsmetallplatten.<\/div>\n<div>Barcol ist mit einer H\u00e4rte von 46-54 (3,2-3,5 MOH) weich und eignet sich am besten f\u00fcr empfindliche Oberfl\u00e4chen<\/div>\n<div><\/div>\n<div><b>Standard-Siebgr\u00f6\u00dfen :<\/b><\/div>\n<div>8\/16, 8\/20, 10\/20, 16\/20, 20\/30, 30\/40, 60\/80, 80\/120.Alle Typen sind Mil-P-858991A zugelassen.<\/div>\n","protected":false},"featured_media":15207,"comment_status":"open","ping_status":"closed","template":"","meta":[],"product_brand":[],"product_cat":[429],"product_tag":[],"class_list":{"0":"post-17059","1":"product","2":"type-product","3":"status-publish","4":"has-post-thumbnail","6":"product_cat-industrielle-verbrauchsmaterialien-schleifmittel","8":"first","9":"instock","10":"shipping-taxable","11":"product-type-simple"},"jetpack_sharing_enabled":true,"_links":{"self":[{"href":"https:\/\/toptechnics.net\/de\/wp-json\/wp\/v2\/product\/17059","targetHints":{"allow":["GET"]}}],"collection":[{"href":"https:\/\/toptechnics.net\/de\/wp-json\/wp\/v2\/product"}],"about":[{"href":"https:\/\/toptechnics.net\/de\/wp-json\/wp\/v2\/types\/product"}],"replies":[{"embeddable":true,"href":"https:\/\/toptechnics.net\/de\/wp-json\/wp\/v2\/comments?post=17059"}],"version-history":[{"count":2,"href":"https:\/\/toptechnics.net\/de\/wp-json\/wp\/v2\/product\/17059\/revisions"}],"predecessor-version":[{"id":17111,"href":"https:\/\/toptechnics.net\/de\/wp-json\/wp\/v2\/product\/17059\/revisions\/17111"}],"wp:featuredmedia":[{"embeddable":true,"href":"https:\/\/toptechnics.net\/de\/wp-json\/wp\/v2\/media\/15207"}],"wp:attachment":[{"href":"https:\/\/toptechnics.net\/de\/wp-json\/wp\/v2\/media?parent=17059"}],"wp:term":[{"taxonomy":"product_brand","embeddable":true,"href":"https:\/\/toptechnics.net\/de\/wp-json\/wp\/v2\/product_brand?post=17059"},{"taxonomy":"product_cat","embeddable":true,"href":"https:\/\/toptechnics.net\/de\/wp-json\/wp\/v2\/product_cat?post=17059"},{"taxonomy":"product_tag","embeddable":true,"href":"https:\/\/toptechnics.net\/de\/wp-json\/wp\/v2\/product_tag?post=17059"}],"curies":[{"name":"wp","href":"https:\/\/api.w.org\/{rel}","templated":true}]}}