{"id":17060,"date":"2024-04-30T02:26:58","date_gmt":"2024-04-30T02:26:58","guid":{"rendered":"https:\/\/toptechnics.net\/product\/emsodur-type-iii-melamin\/"},"modified":"2025-03-13T00:52:34","modified_gmt":"2025-03-13T00:52:34","slug":"emsodur-type-iii-melamin","status":"publish","type":"product","link":"https:\/\/toptechnics.net\/de\/urunler\/emsodur-type-iii-melamin\/","title":{"rendered":"Emsodur Type III Melamin"},"content":{"rendered":"","protected":false},"excerpt":{"rendered":"<p>In Bereichen, in denen das Pr\u00e4gen und Reinigen von schwierigen lackierten Oberfl\u00e4chen mit Hartschalenanteil erforderlich ist, ist Barcol 64-72 (4,0 MOH) mit seinem Oberh\u00e4rtegef\u00fcge eine aggressive Alternative zu Glaskugeln und anderen harten Schleifmitteln Hartn\u00e4ckige Lacke und andere Verunreinigungen haben hervorragende Ergebnisse bei der Reinigung von harten Oberfl\u00e4chen wie Kohlenstoff in Motoren, der Reinigung von Spritzgussformen und der Reinigung von Stahl- und Eisenoberfl\u00e4chen.<\/p>\n","protected":false},"featured_media":15202,"comment_status":"open","ping_status":"closed","template":"","meta":[],"product_brand":[],"product_cat":[429],"product_tag":[],"class_list":{"0":"post-17060","1":"product","2":"type-product","3":"status-publish","4":"has-post-thumbnail","6":"product_cat-industrielle-verbrauchsmaterialien-schleifmittel","8":"first","9":"instock","10":"shipping-taxable","11":"product-type-simple"},"jetpack_sharing_enabled":true,"_links":{"self":[{"href":"https:\/\/toptechnics.net\/de\/wp-json\/wp\/v2\/product\/17060","targetHints":{"allow":["GET"]}}],"collection":[{"href":"https:\/\/toptechnics.net\/de\/wp-json\/wp\/v2\/product"}],"about":[{"href":"https:\/\/toptechnics.net\/de\/wp-json\/wp\/v2\/types\/product"}],"replies":[{"embeddable":true,"href":"https:\/\/toptechnics.net\/de\/wp-json\/wp\/v2\/comments?post=17060"}],"version-history":[{"count":2,"href":"https:\/\/toptechnics.net\/de\/wp-json\/wp\/v2\/product\/17060\/revisions"}],"predecessor-version":[{"id":17116,"href":"https:\/\/toptechnics.net\/de\/wp-json\/wp\/v2\/product\/17060\/revisions\/17116"}],"wp:featuredmedia":[{"embeddable":true,"href":"https:\/\/toptechnics.net\/de\/wp-json\/wp\/v2\/media\/15202"}],"wp:attachment":[{"href":"https:\/\/toptechnics.net\/de\/wp-json\/wp\/v2\/media?parent=17060"}],"wp:term":[{"taxonomy":"product_brand","embeddable":true,"href":"https:\/\/toptechnics.net\/de\/wp-json\/wp\/v2\/product_brand?post=17060"},{"taxonomy":"product_cat","embeddable":true,"href":"https:\/\/toptechnics.net\/de\/wp-json\/wp\/v2\/product_cat?post=17060"},{"taxonomy":"product_tag","embeddable":true,"href":"https:\/\/toptechnics.net\/de\/wp-json\/wp\/v2\/product_tag?post=17060"}],"curies":[{"name":"wp","href":"https:\/\/api.w.org\/{rel}","templated":true}]}}