{"id":17139,"date":"2024-04-29T16:23:49","date_gmt":"2024-04-29T16:23:49","guid":{"rendered":"https:\/\/toptechnics.net\/product\/oberelektroden-fuer-das-bolzenschweissen\/"},"modified":"2025-03-13T04:42:38","modified_gmt":"2025-03-13T04:42:38","slug":"oberelektroden-fuer-das-bolzenschweissen","status":"publish","type":"product","link":"https:\/\/toptechnics.net\/de\/urunler\/oberelektroden-fuer-das-bolzenschweissen\/","title":{"rendered":"Oberelektroden f\u00fcr das Bolzenschwei\u00dfen"},"content":{"rendered":"","protected":false},"excerpt":{"rendered":"<p>Obere Elektrode UP20 zum Bolzenschwei\u00dfen<\/p>\n","protected":false},"featured_media":15059,"comment_status":"open","ping_status":"closed","template":"","meta":[],"product_brand":[],"product_cat":[437,431],"product_tag":[],"class_list":{"0":"post-17139","1":"product","2":"type-product","3":"status-publish","4":"has-post-thumbnail","6":"product_cat-konsummaterialien-fuer-das-widerstandsschweissen","7":"product_cat-top-elektroden","9":"first","10":"instock","11":"shipping-taxable","12":"product-type-simple"},"jetpack_sharing_enabled":true,"_links":{"self":[{"href":"https:\/\/toptechnics.net\/de\/wp-json\/wp\/v2\/product\/17139","targetHints":{"allow":["GET"]}}],"collection":[{"href":"https:\/\/toptechnics.net\/de\/wp-json\/wp\/v2\/product"}],"about":[{"href":"https:\/\/toptechnics.net\/de\/wp-json\/wp\/v2\/types\/product"}],"replies":[{"embeddable":true,"href":"https:\/\/toptechnics.net\/de\/wp-json\/wp\/v2\/comments?post=17139"}],"version-history":[{"count":1,"href":"https:\/\/toptechnics.net\/de\/wp-json\/wp\/v2\/product\/17139\/revisions"}],"predecessor-version":[{"id":17140,"href":"https:\/\/toptechnics.net\/de\/wp-json\/wp\/v2\/product\/17139\/revisions\/17140"}],"wp:featuredmedia":[{"embeddable":true,"href":"https:\/\/toptechnics.net\/de\/wp-json\/wp\/v2\/media\/15059"}],"wp:attachment":[{"href":"https:\/\/toptechnics.net\/de\/wp-json\/wp\/v2\/media?parent=17139"}],"wp:term":[{"taxonomy":"product_brand","embeddable":true,"href":"https:\/\/toptechnics.net\/de\/wp-json\/wp\/v2\/product_brand?post=17139"},{"taxonomy":"product_cat","embeddable":true,"href":"https:\/\/toptechnics.net\/de\/wp-json\/wp\/v2\/product_cat?post=17139"},{"taxonomy":"product_tag","embeddable":true,"href":"https:\/\/toptechnics.net\/de\/wp-json\/wp\/v2\/product_tag?post=17139"}],"curies":[{"name":"wp","href":"https:\/\/api.w.org\/{rel}","templated":true}]}}