{"id":17149,"date":"2024-04-29T16:23:49","date_gmt":"2024-04-29T16:23:49","guid":{"rendered":"https:\/\/toptechnics.net\/product\/speziell-entwickelte-elektroden\/"},"modified":"2024-04-29T16:23:49","modified_gmt":"2024-04-29T16:23:49","slug":"speziell-entwickelte-elektroden","status":"publish","type":"product","link":"https:\/\/toptechnics.net\/de\/urunler\/speziell-entwickelte-elektroden\/","title":{"rendered":"Speziell entwickelte Elektroden"},"content":{"rendered":"<figure><\/figure>\n","protected":false},"excerpt":{"rendered":"<p>Herstellung von Elektroden in verschiedenen Gr\u00f6\u00dfen und Formen nach den Bed\u00fcrfnissen des Kunden.<\/p>\n","protected":false},"featured_media":15038,"comment_status":"open","ping_status":"closed","template":"","meta":[],"product_brand":[],"product_cat":[437,434],"product_tag":[],"class_list":{"0":"post-17149","1":"product","2":"type-product","3":"status-publish","4":"has-post-thumbnail","6":"product_cat-konsummaterialien-fuer-das-widerstandsschweissen","7":"product_cat-untere-elektrodenkoerper","9":"first","10":"instock","11":"shipping-taxable","12":"product-type-simple"},"jetpack_sharing_enabled":true,"_links":{"self":[{"href":"https:\/\/toptechnics.net\/de\/wp-json\/wp\/v2\/product\/17149","targetHints":{"allow":["GET"]}}],"collection":[{"href":"https:\/\/toptechnics.net\/de\/wp-json\/wp\/v2\/product"}],"about":[{"href":"https:\/\/toptechnics.net\/de\/wp-json\/wp\/v2\/types\/product"}],"replies":[{"embeddable":true,"href":"https:\/\/toptechnics.net\/de\/wp-json\/wp\/v2\/comments?post=17149"}],"version-history":[{"count":0,"href":"https:\/\/toptechnics.net\/de\/wp-json\/wp\/v2\/product\/17149\/revisions"}],"wp:featuredmedia":[{"embeddable":true,"href":"https:\/\/toptechnics.net\/de\/wp-json\/wp\/v2\/media\/15038"}],"wp:attachment":[{"href":"https:\/\/toptechnics.net\/de\/wp-json\/wp\/v2\/media?parent=17149"}],"wp:term":[{"taxonomy":"product_brand","embeddable":true,"href":"https:\/\/toptechnics.net\/de\/wp-json\/wp\/v2\/product_brand?post=17149"},{"taxonomy":"product_cat","embeddable":true,"href":"https:\/\/toptechnics.net\/de\/wp-json\/wp\/v2\/product_cat?post=17149"},{"taxonomy":"product_tag","embeddable":true,"href":"https:\/\/toptechnics.net\/de\/wp-json\/wp\/v2\/product_tag?post=17149"}],"curies":[{"name":"wp","href":"https:\/\/api.w.org\/{rel}","templated":true}]}}