{"id":17157,"date":"2024-04-29T16:23:48","date_gmt":"2024-04-29T16:23:48","guid":{"rendered":"https:\/\/toptechnics.net\/product\/zentrierstift-aus-speziallegierung-kc\/"},"modified":"2025-03-13T05:12:44","modified_gmt":"2025-03-13T05:12:44","slug":"zentrierstift-aus-speziallegierung-kc","status":"publish","type":"product","link":"https:\/\/toptechnics.net\/de\/urunler\/zentrierstift-aus-speziallegierung-kc\/","title":{"rendered":"Zentrierstift aus Speziallegierung (KC)"},"content":{"rendered":"","protected":false},"excerpt":{"rendered":"<p><strong>Vorteile:<\/strong><\/p>\n<p>Toptechnics ist das erste Unternehmen in der T\u00fcrkei, das Stifte aus in Japan entwickeltem KCF-Stahl herstellt. Die bei weichbearbeiteten Stifte bilden am Ende der W\u00e4rmebehandlung eine Isolierschicht von 15-20 Mikrometern Dicke auf ihrer Oberfl\u00e4che.<\/p>\n<p><strong>Material:<\/strong><\/p>\n<p>Speziallegierter Isolierstahl (KCF)<\/p>\n<p><strong>Einsatzbereich: <\/strong><\/p>\n<p>Zentrieren von Blech und Mutter beim Mutterschwei\u00dfen.<\/p>\n","protected":false},"featured_media":14923,"comment_status":"open","ping_status":"closed","template":"","meta":[],"product_brand":[],"product_cat":[437,432],"product_tag":[],"class_list":{"0":"post-17157","1":"product","2":"type-product","3":"status-publish","4":"has-post-thumbnail","6":"product_cat-konsummaterialien-fuer-das-widerstandsschweissen","7":"product_cat-zentrierstifte","9":"first","10":"instock","11":"shipping-taxable","12":"product-type-simple"},"jetpack_sharing_enabled":true,"_links":{"self":[{"href":"https:\/\/toptechnics.net\/de\/wp-json\/wp\/v2\/product\/17157","targetHints":{"allow":["GET"]}}],"collection":[{"href":"https:\/\/toptechnics.net\/de\/wp-json\/wp\/v2\/product"}],"about":[{"href":"https:\/\/toptechnics.net\/de\/wp-json\/wp\/v2\/types\/product"}],"replies":[{"embeddable":true,"href":"https:\/\/toptechnics.net\/de\/wp-json\/wp\/v2\/comments?post=17157"}],"version-history":[{"count":1,"href":"https:\/\/toptechnics.net\/de\/wp-json\/wp\/v2\/product\/17157\/revisions"}],"predecessor-version":[{"id":17158,"href":"https:\/\/toptechnics.net\/de\/wp-json\/wp\/v2\/product\/17157\/revisions\/17158"}],"wp:featuredmedia":[{"embeddable":true,"href":"https:\/\/toptechnics.net\/de\/wp-json\/wp\/v2\/media\/14923"}],"wp:attachment":[{"href":"https:\/\/toptechnics.net\/de\/wp-json\/wp\/v2\/media?parent=17157"}],"wp:term":[{"taxonomy":"product_brand","embeddable":true,"href":"https:\/\/toptechnics.net\/de\/wp-json\/wp\/v2\/product_brand?post=17157"},{"taxonomy":"product_cat","embeddable":true,"href":"https:\/\/toptechnics.net\/de\/wp-json\/wp\/v2\/product_cat?post=17157"},{"taxonomy":"product_tag","embeddable":true,"href":"https:\/\/toptechnics.net\/de\/wp-json\/wp\/v2\/product_tag?post=17157"}],"curies":[{"name":"wp","href":"https:\/\/api.w.org\/{rel}","templated":true}]}}