{"id":16832,"date":"2024-04-30T02:26:32","date_gmt":"2024-04-30T02:26:32","guid":{"rendered":"https:\/\/toptechnics.net\/product\/emsodur-n-cylindrical\/"},"modified":"2024-04-30T02:26:32","modified_gmt":"2024-04-30T02:26:32","slug":"emsodur-n-cylindrical","status":"publish","type":"product","link":"https:\/\/toptechnics.net\/en\/urunler\/emsodur-n-cylindrical\/","title":{"rendered":"Emsodur N (Cylindrical)"},"content":{"rendered":"<div>Properties;<\/div>\n<ul>\n<li>Precise dimensions&lt; wpml_linebreak &gt;<br \/>\nCylindrical sizes&lt; wpml_linebreak &gt;<br \/>\nVery long life span&lt; wpml_linebreak &gt;<br \/>\nWear-resistant&lt; wpml_linebreak &gt;<br \/>\nThe color does not get on the part to be cleaned&lt; wpml_linebreak &gt;<br \/>\nGives parts a clean and smooth surface&lt; wpml_linebreak &gt;<br \/>\nShatter-resistant&lt; wpml_linebreak &gt;<br \/>\nAntistatic<\/li>\n<li>\u00d6l\u00e7\u00fcler : 0,20 \/ 0,3 \/ 0,4 (mm)<\/li>\n<li>Nat\u00fcrel renkli<\/li>\n<\/ul>\n","protected":false},"excerpt":{"rendered":"<div>Duroplast is a nylon-based sandblasting material used for deburring and surface cleaning of parts.<\/div>\n<div><\/div>\n","protected":false},"featured_media":15558,"comment_status":"open","ping_status":"closed","template":"","meta":[],"product_brand":[],"product_cat":[423],"product_tag":[],"class_list":{"0":"post-16832","1":"product","2":"type-product","3":"status-publish","4":"has-post-thumbnail","6":"product_cat-industrial-consumables-abrasives","8":"first","9":"instock","10":"shipping-taxable","11":"product-type-simple"},"jetpack_sharing_enabled":true,"_links":{"self":[{"href":"https:\/\/toptechnics.net\/en\/wp-json\/wp\/v2\/product\/16832","targetHints":{"allow":["GET"]}}],"collection":[{"href":"https:\/\/toptechnics.net\/en\/wp-json\/wp\/v2\/product"}],"about":[{"href":"https:\/\/toptechnics.net\/en\/wp-json\/wp\/v2\/types\/product"}],"replies":[{"embeddable":true,"href":"https:\/\/toptechnics.net\/en\/wp-json\/wp\/v2\/comments?post=16832"}],"version-history":[{"count":0,"href":"https:\/\/toptechnics.net\/en\/wp-json\/wp\/v2\/product\/16832\/revisions"}],"wp:featuredmedia":[{"embeddable":true,"href":"https:\/\/toptechnics.net\/en\/wp-json\/wp\/v2\/media\/15558"}],"wp:attachment":[{"href":"https:\/\/toptechnics.net\/en\/wp-json\/wp\/v2\/media?parent=16832"}],"wp:term":[{"taxonomy":"product_brand","embeddable":true,"href":"https:\/\/toptechnics.net\/en\/wp-json\/wp\/v2\/product_brand?post=16832"},{"taxonomy":"product_cat","embeddable":true,"href":"https:\/\/toptechnics.net\/en\/wp-json\/wp\/v2\/product_cat?post=16832"},{"taxonomy":"product_tag","embeddable":true,"href":"https:\/\/toptechnics.net\/en\/wp-json\/wp\/v2\/product_tag?post=16832"}],"curies":[{"name":"wp","href":"https:\/\/api.w.org\/{rel}","templated":true}]}}